{"id":1756,"date":"2016-10-06T20:12:53","date_gmt":"2016-10-06T18:12:53","guid":{"rendered":"https:\/\/www.nihonshokokai.cz\/cs\/?page_id=1756"},"modified":"2025-12-19T12:28:25","modified_gmt":"2025-12-19T11:28:25","slug":"struktrura-organizace","status":"publish","type":"page","link":"https:\/\/www.nihonshokokai.cz\/cs\/o-komore\/struktrura-organizace","title":{"rendered":"Struktura organizace"},"content":{"rendered":"<p>\u010clensk\u00e1 firma: 146 firem<br \/>\n\u010cestn\u00fd \u010dlen: 3 organizace (Velvyslanectv\u00ed Japonska, Jetro Praha, CzechInvest)<br \/>\nCelkem: 149 firem a organizac\u00ed (ke dni 26. kv\u011bten 2025)<\/p>\n<h3><strong>P\u0159edstavenstvo\u00a0Japonsk\u00e9 komory pr\u016fmyslu a obchodu v \u010cR<br \/>\n<\/strong>(k kv\u011btnu 2025)<\/h3>\n<p><strong>P\u0159edsednictvo<br \/>\n<\/strong>P\u0159edseda: Masakazu FUJIKAWA (SMBC Bank EU AG, Prague Branch)<br \/>\nM\u00edstop\u0159edseda: Masahiro SASAKI (JTEKT Czech Republic)<br \/>\nM\u00edstop\u0159edseda: Naoya OGAMOTO (Nissin Europe)<br \/>\nM\u00edstop\u0159edseda: Akihito TSUTSUMIUCHI (Toyoda Gosei Czech)<br \/>\nM\u00edstop\u0159edseda: Yohei HASEGAWA (UACJ Trading Czech)<br \/>\nM\u00edstop\u0159edseda: Toru KARASAWA (TOMOE Advanced Materials)<br \/>\nM\u00edstop\u0159edseda: Yuji HIGUCHI (Inabata Europe, Czech Republic)<br \/>\nM\u00edstop\u0159edseda: Tomoaki KURAMOTO (Toyota Motor Manufacturing Czech Republic)<br \/>\nM\u00edstop\u0159edseda: Daiki SHIMIZU (Denso Manufacturing Czech)<br \/>\nM\u00edstop\u0159edseda: Yoshitake TAKAHASHI (Panasonic HVAC Czech)<br \/>\nM\u00edstop\u0159edseda:Masatsugu YAMAMOTO (Tsubaki Automotive Czech Republic)<br \/>\nM\u00edstop\u0159edseda: Minoru SHOJI (Asahi Group Holdings, Ltd.)<br \/>\nM\u00edstop\u0159edseda: Kenji NAKAMURA (Sumisho Global Logistics Europe<\/p>\n<p><strong>Audit<br \/>\n<\/strong>Auditor: Masashi MATSUMOTO (Takenaka Europe GmbH, Czech Republic)<\/p>\n<p><strong>V\u00fdkonn\u00ed tajemn\u00edci<br \/>\n<\/strong>\u00da\u010detn\u00ed z\u00e1le\u017eitosti: Hibiki SUEMASA (KPMG)<br \/>\nPr\u00e1vn\u00ed z\u00e1le\u017eitosti: Takura KAWAI (Dentons)<br \/>\nObecn\u00e9 z\u00e1le\u017eitosti a vn\u011bj\u0161\u00ed vztahy: Takahiro MIYAGAWA (Jetro Praha)<\/p>\n<p><strong>Sekretari\u00e1t<\/strong><br \/>\nPerson\u00e1l: Takashi HOSODA<br \/>\nPerson\u00e1l: Aki BOU\u0160KA<br \/>\nPerson\u00e1l: Makiko SUSK\u00c1<br \/>\nPerson\u00e1l: Aya ISHIKAWA<\/p>\n","protected":false},"excerpt":{"rendered":"<p>\u010clensk\u00e1 firma: 146 firem \u010cestn\u00fd \u010dlen: 3 organizace (Velvyslanectv\u00ed Japonska, Jetro Praha, CzechInvest) Celkem: 149 firem a organizac\u00ed (ke dni 26. kv\u011bten 2025) P\u0159edstavenstvo\u00a0Japonsk\u00e9 komory pr\u016fmyslu a obchodu v \u010cR (k kv\u011btnu 2025) P\u0159edsednictvo P\u0159edseda: Masakazu FUJIKAWA (SMBC Bank EU AG, Prague Branch) M\u00edstop\u0159edseda: Masahiro SASAKI (JTEKT Czech Republic) M\u00edstop\u0159edseda: Naoya OGAMOTO (Nissin Europe) M\u00edstop\u0159edseda: Akihito TSUTSUMIUCHI (Toyoda Gosei Czech) M\u00edstop\u0159edseda: Yohei HASEGAWA (UACJ Trading Czech) M\u00edstop\u0159edseda: Toru KARASAWA (TOMOE Advanced Materials) M\u00edstop\u0159edseda: Yuji HIGUCHI (Inabata Europe, Czech Republic) M\u00edstop\u0159edseda: Tomoaki KURAMOTO (Toyota Motor Manufacturing Czech Republic) M\u00edstop\u0159edseda: Daiki SHIMIZU (Denso Manufacturing Czech) M\u00edstop\u0159edseda: Yoshitake TAKAHASHI (Panasonic HVAC Czech) M\u00edstop\u0159edseda:Masatsugu YAMAMOTO (Tsubaki Automotive Czech Republic) M\u00edstop\u0159edseda: Minoru SHOJI (Asahi Group [&hellip;]<\/p>\n","protected":false},"author":1,"featured_media":0,"parent":1736,"menu_order":74,"comment_status":"closed","ping_status":"closed","template":"","meta":{"_acf_changed":false,"footnotes":""},"class_list":["post-1756","page","type-page","status-publish","hentry"],"acf":[],"_links":{"self":[{"href":"https:\/\/www.nihonshokokai.cz\/cs\/wp-json\/wp\/v2\/pages\/1756","targetHints":{"allow":["GET"]}}],"collection":[{"href":"https:\/\/www.nihonshokokai.cz\/cs\/wp-json\/wp\/v2\/pages"}],"about":[{"href":"https:\/\/www.nihonshokokai.cz\/cs\/wp-json\/wp\/v2\/types\/page"}],"author":[{"embeddable":true,"href":"https:\/\/www.nihonshokokai.cz\/cs\/wp-json\/wp\/v2\/users\/1"}],"replies":[{"embeddable":true,"href":"https:\/\/www.nihonshokokai.cz\/cs\/wp-json\/wp\/v2\/comments?post=1756"}],"version-history":[{"count":38,"href":"https:\/\/www.nihonshokokai.cz\/cs\/wp-json\/wp\/v2\/pages\/1756\/revisions"}],"predecessor-version":[{"id":17687,"href":"https:\/\/www.nihonshokokai.cz\/cs\/wp-json\/wp\/v2\/pages\/1756\/revisions\/17687"}],"up":[{"embeddable":true,"href":"https:\/\/www.nihonshokokai.cz\/cs\/wp-json\/wp\/v2\/pages\/1736"}],"wp:attachment":[{"href":"https:\/\/www.nihonshokokai.cz\/cs\/wp-json\/wp\/v2\/media?parent=1756"}],"curies":[{"name":"wp","href":"https:\/\/api.w.org\/{rel}","templated":true}]}}