{"id":2,"date":"2016-07-20T04:06:48","date_gmt":"2016-07-20T02:06:48","guid":{"rendered":"https:\/\/www.nihonshokokai.cz\/?page_id=2"},"modified":"2019-02-25T11:12:20","modified_gmt":"2019-02-25T10:12:20","slug":"domu","status":"publish","type":"page","link":"https:\/\/www.nihonshokokai.cz\/cs","title":{"rendered":"Dom\u016f"},"content":{"rendered":"<h1>V\u00edtejte na str\u00e1nk\u00e1ch Japonsk\u00e9 komory obchodu a pr\u016fmyslu v \u010cesk\u00e9 republice<\/h1>\n<p>Ze statistik Jetro, v \u010cesk\u00e9 republice p\u016fsob\u00ed 254 japonsk\u00fdch firem (103 v\u00fdrobn\u00edch, 148 nev\u00fdrobn\u00edch, 3 v\u00fdzkumn\u00fdch \u00fastav\u016f atd.), kter\u00e9 sem p\u0159il\u00e1kala kr\u00e1sa t\u00e9to zem\u011b, kvalifikovan\u00e1 pracovn\u00ed s\u00edla, dobr\u00e1 dostupnost evropsk\u00e9ho trhu a\u00a0rozvinut\u00e1 infrastruktura.<\/p>\n<p>P\u0159\u00edm\u00e9 investice z Japonska d\u00edky p\u0159\u00edtomnosti t\u011bchto firem dosahuj\u00ed celkov\u00e9 \u010d\u00e1stky 122 miliard K\u010d. Objem investic p\u0159ipadaj\u00edc\u00ed na jednoho japonsk\u00e9ho pracovn\u00edka je ve srovn\u00e1n\u00ed s\u00a0ostatn\u00edmi st\u00e1ty investuj\u00edc\u00edmi v\u00a0\u010cR nejvy\u0161\u0161\u00ed. Japonsk\u00e9 firmy v \u010cR p\u0159itom vytv\u00e1\u0159ej\u00ed okolo 47 tis\u00edc pracovn\u00edch m\u00edst. V\u00fdrobky (automobily, televize, elektrick\u00e9 spot\u0159ebi\u010de, r\u016fzn\u00e9 sou\u010d\u00e1stky apod.) vyroben\u00e9 v\u00a0\u010cR japonsk\u00fdmi firmami se vyv\u00e1\u017eej\u00ed p\u0159ev\u00e1\u017en\u011b do dal\u0161\u00edch evropsk\u00fdch zem\u00ed, ale tak\u00e9 mimo Evropu. Japonsk\u00e9 firmy se t\u00edmto v\u00a0\u010cR d\u00e1le rozv\u00edjej\u00ed a\u00a0z\u00e1rove\u0148 p\u0159isp\u00edvaj\u00ed k\u00a0m\u00edstn\u00ed ekonomice.<\/p>\n<p>\u010cleny Japonsk\u00e9 komory obchodu a pr\u016fmyslu v \u010cR jsou japonsk\u00e9 firmy p\u016fsob\u00edc\u00ed v\u00a0\u010cR. Komora se v\u011bnuje mnohostrann\u00e9 podpo\u0159e hladk\u00e9ho fungov\u00e1n\u00ed aktivit sv\u00fdch \u010dlen\u016f. Povzbuzuje ekonomickou spolupr\u00e1ci mezi Japonskem a \u010cR a rozv\u00edj\u00ed oboustrann\u00e9 p\u0159\u00e1telsk\u00e9 vztahy.<\/p>\n<p>V sou\u010dasn\u00e9 dob\u011b m\u00e1 komora 160 \u010dlen\u016f, kter\u00fdm poskytuje pomoc v\u00a0jejich profesn\u00ed \u010dinnosti. Mimo jin\u00e9 svol\u00e1v\u00e1 b\u011bhem kalend\u00e1\u0159n\u00edho roku osm pravideln\u00fdch sch\u016fz\u00ed, organizuje exkurze do \u010desk\u00fdch firem a v\u011bnuje se podpo\u0159e vz\u00e1jemn\u00e9ho pochopen\u00ed a spolupr\u00e1ce mezi Japonskem a \u010ceskou republikou.<\/p>\n","protected":false},"excerpt":{"rendered":"<p>V\u00edtejte na str\u00e1nk\u00e1ch Japonsk\u00e9 komory obchodu a pr\u016fmyslu v \u010cesk\u00e9 republice Ze statistik Jetro, v \u010cesk\u00e9 republice p\u016fsob\u00ed 254 japonsk\u00fdch firem (103 v\u00fdrobn\u00edch, 148 nev\u00fdrobn\u00edch, 3 v\u00fdzkumn\u00fdch \u00fastav\u016f atd.), kter\u00e9 sem p\u0159il\u00e1kala kr\u00e1sa t\u00e9to zem\u011b, kvalifikovan\u00e1 pracovn\u00ed s\u00edla, dobr\u00e1 dostupnost evropsk\u00e9ho trhu a\u00a0rozvinut\u00e1 infrastruktura. P\u0159\u00edm\u00e9 investice z Japonska d\u00edky p\u0159\u00edtomnosti t\u011bchto firem dosahuj\u00ed celkov\u00e9 \u010d\u00e1stky 122 miliard K\u010d. Objem investic p\u0159ipadaj\u00edc\u00ed na jednoho japonsk\u00e9ho pracovn\u00edka je ve srovn\u00e1n\u00ed s\u00a0ostatn\u00edmi st\u00e1ty investuj\u00edc\u00edmi v\u00a0\u010cR nejvy\u0161\u0161\u00ed. Japonsk\u00e9 firmy v \u010cR p\u0159itom vytv\u00e1\u0159ej\u00ed okolo 47 tis\u00edc pracovn\u00edch m\u00edst. V\u00fdrobky (automobily, televize, elektrick\u00e9 spot\u0159ebi\u010de, r\u016fzn\u00e9 sou\u010d\u00e1stky apod.) vyroben\u00e9 v\u00a0\u010cR japonsk\u00fdmi firmami se vyv\u00e1\u017eej\u00ed p\u0159ev\u00e1\u017en\u011b do dal\u0161\u00edch evropsk\u00fdch zem\u00ed, ale tak\u00e9 mimo Evropu. Japonsk\u00e9 firmy se [&hellip;]<\/p>\n","protected":false},"author":1,"featured_media":0,"parent":0,"menu_order":54,"comment_status":"closed","ping_status":"open","template":"","meta":{"_acf_changed":false,"footnotes":""},"class_list":["post-2","page","type-page","status-publish","hentry"],"acf":[],"_links":{"self":[{"href":"https:\/\/www.nihonshokokai.cz\/cs\/wp-json\/wp\/v2\/pages\/2","targetHints":{"allow":["GET"]}}],"collection":[{"href":"https:\/\/www.nihonshokokai.cz\/cs\/wp-json\/wp\/v2\/pages"}],"about":[{"href":"https:\/\/www.nihonshokokai.cz\/cs\/wp-json\/wp\/v2\/types\/page"}],"author":[{"embeddable":true,"href":"https:\/\/www.nihonshokokai.cz\/cs\/wp-json\/wp\/v2\/users\/1"}],"replies":[{"embeddable":true,"href":"https:\/\/www.nihonshokokai.cz\/cs\/wp-json\/wp\/v2\/comments?post=2"}],"version-history":[{"count":42,"href":"https:\/\/www.nihonshokokai.cz\/cs\/wp-json\/wp\/v2\/pages\/2\/revisions"}],"predecessor-version":[{"id":8147,"href":"https:\/\/www.nihonshokokai.cz\/cs\/wp-json\/wp\/v2\/pages\/2\/revisions\/8147"}],"wp:attachment":[{"href":"https:\/\/www.nihonshokokai.cz\/cs\/wp-json\/wp\/v2\/media?parent=2"}],"curies":[{"name":"wp","href":"https:\/\/api.w.org\/{rel}","templated":true}]}}