{"id":29,"date":"2016-08-12T19:02:52","date_gmt":"2016-08-12T17:02:52","guid":{"rendered":"https:\/\/www.nihonshokokai.cz\/cs\/?page_id=29"},"modified":"2017-01-27T11:49:29","modified_gmt":"2017-01-27T10:49:29","slug":"pridat-pr","status":"publish","type":"page","link":"https:\/\/www.nihonshokokai.cz\/cs\/clenove\/pridat-pr","title":{"rendered":"P\u0159idat PR"},"content":{"rendered":"<script type=\"text\/javascript\">var gform;gform||(document.addEventListener(\"gform_main_scripts_loaded\",function(){gform.scriptsLoaded=!0}),window.addEventListener(\"DOMContentLoaded\",function(){gform.domLoaded=!0}),gform={domLoaded:!1,scriptsLoaded:!1,initializeOnLoaded:function(o){gform.domLoaded&&gform.scriptsLoaded?o():!gform.domLoaded&&gform.scriptsLoaded?window.addEventListener(\"DOMContentLoaded\",o):document.addEventListener(\"gform_main_scripts_loaded\",o)},hooks:{action:{},filter:{}},addAction:function(o,n,r,t){gform.addHook(\"action\",o,n,r,t)},addFilter:function(o,n,r,t){gform.addHook(\"filter\",o,n,r,t)},doAction:function(o){gform.doHook(\"action\",o,arguments)},applyFilters:function(o){return gform.doHook(\"filter\",o,arguments)},removeAction:function(o,n){gform.removeHook(\"action\",o,n)},removeFilter:function(o,n,r){gform.removeHook(\"filter\",o,n,r)},addHook:function(o,n,r,t,i){null==gform.hooks[o][n]&&(gform.hooks[o][n]=[]);var e=gform.hooks[o][n];null==i&&(i=n+\"_\"+e.length),gform.hooks[o][n].push({tag:i,callable:r,priority:t=null==t?10:t})},doHook:function(n,o,r){var t;if(r=Array.prototype.slice.call(r,1),null!=gform.hooks[n][o]&&((o=gform.hooks[n][o]).sort(function(o,n){return o.priority-n.priority}),o.forEach(function(o){\"function\"!=typeof(t=o.callable)&&(t=window[t]),\"action\"==n?t.apply(null,r):r[0]=t.apply(null,r)})),\"filter\"==n)return r[0]},removeHook:function(o,n,t,i){var r;null!=gform.hooks[o][n]&&(r=(r=gform.hooks[o][n]).filter(function(o,n,r){return!!(null!=i&&i!=o.tag||null!=t&&t!=o.priority)}),gform.hooks[o][n]=r)}});<\/script>\n                <div class='gf_browser_gecko gform_wrapper gform_legacy_markup_wrapper gform-theme--no-framework' data-form-theme='legacy' data-form-index='0' id='gform_wrapper_1' style='display:none'><div id='gf_1' class='gform_anchor' tabindex='-1'><\/div><form method='post' enctype='multipart\/form-data' target='gform_ajax_frame_1' id='gform_1'  action='\/cs\/wp-json\/wp\/v2\/pages\/29#gf_1' data-formid='1' novalidate>\n                        <div class='gform-body gform_body'><ul id='gform_fields_1' class='gform_fields top_label form_sublabel_below description_below validation_below'><li id=\"field_1_15\" class=\"gfield gfield--type-post_custom_field gfield--input-type-text half gfield_contains_required field_sublabel_below gfield--has-description field_description_below field_validation_below gfield_visibility_visible\"  data-js-reload=\"field_1_15\" ><label class='gfield_label gform-field-label' for='input_1_15'>N\u00e1zev firmy<span class=\"gfield_required\"><span class=\"gfield_required gfield_required_asterisk\">*<\/span><\/span><\/label><div class='ginput_container ginput_container_text'><input name='input_15' id='input_1_15' type='text' value='' class='medium'  aria-describedby=\"gfield_description_1_15\" tabindex='10'  aria-required=\"true\" aria-invalid=\"false\"   \/> <\/div><div class='gfield_description' id='gfield_description_1_15'>Zadejte n\u00e1zev firmy (zobrazen)<\/div><\/li><li id=\"field_1_13\" class=\"gfield gfield--type-post_custom_field gfield--input-type-text half gfield_contains_required field_sublabel_below gfield--has-description field_description_below field_validation_below gfield_visibility_visible\"  data-js-reload=\"field_1_13\" ><label class='gfield_label gform-field-label' for='input_1_13'>Kontaktn\u00ed osoba<span class=\"gfield_required\"><span class=\"gfield_required gfield_required_asterisk\">*<\/span><\/span><\/label><div class='ginput_container ginput_container_text'><input name='input_13' id='input_1_13' type='text' value='' class='medium'  aria-describedby=\"gfield_description_1_13\" tabindex='11'  aria-required=\"true\" aria-invalid=\"false\"   \/> <\/div><div class='gfield_description' id='gfield_description_1_13'>Zadejte kontaktn\u00ed osobu (zobrazena)<\/div><\/li><li id=\"field_1_14\" class=\"gfield gfield--type-post_custom_field gfield--input-type-email half gfield_contains_required field_sublabel_below gfield--has-description field_description_below field_validation_below gfield_visibility_visible\"  data-js-reload=\"field_1_14\" ><label class='gfield_label gform-field-label' for='input_1_14'>E-mail<span class=\"gfield_required\"><span class=\"gfield_required gfield_required_asterisk\">*<\/span><\/span><\/label><div class='ginput_container ginput_container_email'>\n                            <input name='input_14' id='input_1_14' type='email' value='' class='medium' tabindex='12'   aria-required=\"true\" aria-invalid=\"false\" aria-describedby=\"gfield_description_1_14\" \/>\n                        <\/div><div class='gfield_description' id='gfield_description_1_14'>Zadejte kontaktn\u00ed e-mail pouze pro kontakt s komorou (nebude zobrazen v inzer\u00e1tu)<\/div><\/li><li id=\"field_1_19\" class=\"gfield gfield--type-section gsection field_sublabel_below gfield--no-description field_description_below field_validation_below gfield_visibility_visible\"  data-js-reload=\"field_1_19\" ><h2 class=\"gsection_title\">Kontakty<\/h2><\/li><li id=\"field_1_16\" class=\"gfield gfield--type-post_custom_field gfield--input-type-text half gfield_contains_required field_sublabel_below gfield--has-description field_description_below field_validation_below gfield_visibility_visible\"  data-js-reload=\"field_1_16\" ><label class='gfield_label gform-field-label' for='input_1_16'>E-mail<span class=\"gfield_required\"><span class=\"gfield_required gfield_required_asterisk\">*<\/span><\/span><\/label><div class='ginput_container ginput_container_text'><input name='input_16' id='input_1_16' type='text' value='' class='medium'  aria-describedby=\"gfield_description_1_16\" tabindex='13'  aria-required=\"true\" aria-invalid=\"false\"   \/> <\/div><div class='gfield_description' id='gfield_description_1_16'>Zadejte kontaktn\u00ed e-mail (zobrazen)<\/div><\/li><li id=\"field_1_20\" class=\"gfield gfield--type-post_custom_field gfield--input-type-text half field_sublabel_below gfield--has-description field_description_below field_validation_below gfield_visibility_visible\"  data-js-reload=\"field_1_20\" ><label class='gfield_label gform-field-label' for='input_1_20'>Telefon<\/label><div class='ginput_container ginput_container_text'><input name='input_20' id='input_1_20' type='text' value='' class='medium'  aria-describedby=\"gfield_description_1_20\" tabindex='14'   aria-invalid=\"false\"   \/> <\/div><div class='gfield_description' id='gfield_description_1_20'>Zadejte kontaktn\u00ed telefon (zobrazen)<\/div><\/li><li id=\"field_1_21\" class=\"gfield gfield--type-post_custom_field gfield--input-type-text half field_sublabel_below gfield--has-description field_description_below field_validation_below gfield_visibility_visible\"  data-js-reload=\"field_1_21\" ><label class='gfield_label gform-field-label' for='input_1_21'>URL<\/label><div class='ginput_container ginput_container_text'><input name='input_21' id='input_1_21' type='text' value='' class='medium'  aria-describedby=\"gfield_description_1_21\" tabindex='15'   aria-invalid=\"false\"   \/> <\/div><div class='gfield_description' id='gfield_description_1_21'>Zadejte URL webu (zobrazena)<\/div><\/li><li id=\"field_1_22\" class=\"gfield gfield--type-post_custom_field gfield--input-type-text half field_sublabel_below gfield--has-description field_description_below field_validation_below gfield_visibility_visible\"  data-js-reload=\"field_1_22\" ><label class='gfield_label gform-field-label' for='input_1_22'>Ostatn\u00ed<\/label><div class='ginput_container ginput_container_text'><input name='input_22' id='input_1_22' type='text' value='' class='medium'  aria-describedby=\"gfield_description_1_22\" tabindex='16'   aria-invalid=\"false\"   \/> <\/div><div class='gfield_description' id='gfield_description_1_22'>Ostatn\u00ed kontakty (zobrazeny)<\/div><\/li><li id=\"field_1_10\" class=\"gfield gfield--type-post_custom_field gfield--type-choice gfield--input-type-checkbox gfield_contains_required field_sublabel_below gfield--has-description field_description_below field_validation_below gfield_visibility_visible\"  data-js-reload=\"field_1_10\" ><label class='gfield_label gform-field-label gfield_label_before_complex' >Jazyk<span class=\"gfield_required\"><span class=\"gfield_required gfield_required_asterisk\">*<\/span><\/span><\/label><div class='ginput_container ginput_container_checkbox'><ul class='gfield_checkbox' id='input_1_10'><li class='gchoice gchoice_1_10_1'>\n\t\t\t\t\t\t\t\t<input class='gfield-choice-input' name='input_10.1' type='checkbox'  value='ja'  id='choice_1_10_1' tabindex='17'  aria-describedby=\"gfield_description_1_10\"\/>\n\t\t\t\t\t\t\t\t<label for='choice_1_10_1' id='label_1_10_1' class='gform-field-label gform-field-label--type-inline'>\u65e5\u672c\u8a9e \/ japon\u0161tina \/ Japanese<\/label>\n\t\t\t\t\t\t\t<\/li><li class='gchoice gchoice_1_10_2'>\n\t\t\t\t\t\t\t\t<input class='gfield-choice-input' name='input_10.2' type='checkbox'  value='cs'  id='choice_1_10_2' tabindex='18'  \/>\n\t\t\t\t\t\t\t\t<label for='choice_1_10_2' id='label_1_10_2' class='gform-field-label gform-field-label--type-inline'>\u30c1\u30a7\u30b3\u8a9e \/ \u010de\u0161tina \/ Czech<\/label>\n\t\t\t\t\t\t\t<\/li><li class='gchoice gchoice_1_10_3'>\n\t\t\t\t\t\t\t\t<input class='gfield-choice-input' name='input_10.3' type='checkbox'  value='en'  id='choice_1_10_3' tabindex='19'  \/>\n\t\t\t\t\t\t\t\t<label for='choice_1_10_3' id='label_1_10_3' class='gform-field-label gform-field-label--type-inline'>\u82f1\u8a9e \/ angli\u010dtina \/ English<\/label>\n\t\t\t\t\t\t\t<\/li><\/ul><\/div><div class='gfield_description' id='gfield_description_1_10'>Zadejte jazyk inzer\u00e1tu.<\/div><\/li><li id=\"field_1_6\" class=\"gfield gfield--type-post_custom_field gfield--input-type-textarea gfield_contains_required field_sublabel_below gfield--has-description field_description_below field_validation_below gfield_visibility_visible\"  data-js-reload=\"field_1_6\" ><label class='gfield_label gform-field-label' for='input_1_6'>Text - japon\u0161tina<span class=\"gfield_required\"><span class=\"gfield_required gfield_required_asterisk\">*<\/span><\/span><\/label><div class='ginput_container ginput_container_textarea'><textarea name='input_6' id='input_1_6' class='textarea medium' tabindex='20' aria-describedby=\"gfield_description_1_6\" maxlength='1000'  aria-required=\"true\" aria-invalid=\"false\"   rows='10' cols='50'><\/textarea><\/div><div class='gfield_description' id='gfield_description_1_6'>Zadejte obsah inzer\u00e1tu v japon\u0161tin\u011b<\/div><\/li><li id=\"field_1_11\" class=\"gfield gfield--type-post_custom_field gfield--input-type-textarea gfield_contains_required field_sublabel_below gfield--has-description field_description_below field_validation_below gfield_visibility_visible\"  data-js-reload=\"field_1_11\" ><label class='gfield_label gform-field-label' for='input_1_11'>Text - \u010de\u0161tina<span class=\"gfield_required\"><span class=\"gfield_required gfield_required_asterisk\">*<\/span><\/span><\/label><div class='ginput_container ginput_container_textarea'><textarea name='input_11' id='input_1_11' class='textarea medium' tabindex='21' aria-describedby=\"gfield_description_1_11\" maxlength='1000'  aria-required=\"true\" aria-invalid=\"false\"   rows='10' cols='50'><\/textarea><\/div><div class='gfield_description' id='gfield_description_1_11'>Zadejte obsah inzer\u00e1tu v \u010de\u0161tin\u011b<\/div><\/li><li id=\"field_1_12\" class=\"gfield gfield--type-post_custom_field gfield--input-type-textarea gfield_contains_required field_sublabel_below gfield--has-description field_description_below field_validation_below gfield_visibility_visible\"  data-js-reload=\"field_1_12\" ><label class='gfield_label gform-field-label' for='input_1_12'>Text - angli\u010dtina<span class=\"gfield_required\"><span class=\"gfield_required gfield_required_asterisk\">*<\/span><\/span><\/label><div class='ginput_container ginput_container_textarea'><textarea name='input_12' id='input_1_12' class='textarea medium' tabindex='22' aria-describedby=\"gfield_description_1_12\" maxlength='1000'  aria-required=\"true\" aria-invalid=\"false\"   rows='10' cols='50'><\/textarea><\/div><div class='gfield_description' id='gfield_description_1_12'>Zadejte obsah inzer\u00e1tu v angli\u010dtin\u011b<\/div><\/li><li id=\"field_1_17\" class=\"gfield gfield--type-post_custom_field gfield--input-type-fileupload field_sublabel_below gfield--no-description field_description_below field_validation_below gfield_visibility_visible\"  data-js-reload=\"field_1_17\" ><label class='gfield_label gform-field-label' for='gform_browse_button_1_17'>Obr\u00e1zky<\/label><div class='ginput_container ginput_container_fileupload'><div id='gform_multifile_upload_1_17' data-settings='{&quot;runtimes&quot;:&quot;html5,flash,html4&quot;,&quot;browse_button&quot;:&quot;gform_browse_button_1_17&quot;,&quot;container&quot;:&quot;gform_multifile_upload_1_17&quot;,&quot;drop_element&quot;:&quot;gform_drag_drop_area_1_17&quot;,&quot;filelist&quot;:&quot;gform_preview_1_17&quot;,&quot;unique_names&quot;:true,&quot;file_data_name&quot;:&quot;file&quot;,&quot;url&quot;:&quot;https:\\\/\\\/www.nihonshokokai.cz\\\/cs?gf_page=ddf9b6675204d50&quot;,&quot;flash_swf_url&quot;:&quot;https:\\\/\\\/www.nihonshokokai.cz\\\/wp-includes\\\/js\\\/plupload\\\/plupload.flash.swf&quot;,&quot;silverlight_xap_url&quot;:&quot;https:\\\/\\\/www.nihonshokokai.cz\\\/wp-includes\\\/js\\\/plupload\\\/plupload.silverlight.xap&quot;,&quot;filters&quot;:{&quot;mime_types&quot;:[{&quot;title&quot;:&quot;Allowed Files&quot;,&quot;extensions&quot;:&quot;jpg,gif,png&quot;}],&quot;max_file_size&quot;:&quot;1048576b&quot;},&quot;multipart&quot;:true,&quot;urlstream_upload&quot;:false,&quot;multipart_params&quot;:{&quot;form_id&quot;:1,&quot;field_id&quot;:17},&quot;gf_vars&quot;:{&quot;max_files&quot;:&quot;5&quot;,&quot;message_id&quot;:&quot;gform_multifile_messages_1_17&quot;,&quot;disallowed_extensions&quot;:[&quot;php&quot;,&quot;asp&quot;,&quot;aspx&quot;,&quot;cmd&quot;,&quot;csh&quot;,&quot;bat&quot;,&quot;html&quot;,&quot;htm&quot;,&quot;hta&quot;,&quot;jar&quot;,&quot;exe&quot;,&quot;com&quot;,&quot;js&quot;,&quot;lnk&quot;,&quot;htaccess&quot;,&quot;phtml&quot;,&quot;ps1&quot;,&quot;ps2&quot;,&quot;php3&quot;,&quot;php4&quot;,&quot;php5&quot;,&quot;php6&quot;,&quot;py&quot;,&quot;rb&quot;,&quot;tmp&quot;]}}' class='gform_fileupload_multifile'>\n\t\t\t\t\t\t\t\t\t\t<div id='gform_drag_drop_area_1_17' class='gform_drop_area gform-theme-field-control'>\n\t\t\t\t\t\t\t\t\t\t\t<span class='gform_drop_instructions'>Drop files here or <\/span>\n\t\t\t\t\t\t\t\t\t\t\t<button type='button' id='gform_browse_button_1_17' class='button gform_button_select_files gform-theme-button gform-theme-button--control' aria-describedby=\"gfield_upload_rules_1_17\" tabindex='23' >Select files<\/button>\n\t\t\t\t\t\t\t\t\t\t<\/div>\n\t\t\t\t\t\t\t\t\t<\/div><span class='gfield_description gform_fileupload_rules' id='gfield_upload_rules_1_17'>Accepted file types: jpg, gif, png, Max. file size: 1 MB, Max. files: 5.<\/span><ul class='validation_message--hidden-on-empty gform-ul-reset' id='gform_multifile_messages_1_17'><\/ul> <!-- Leave <ul> empty to support CSS :empty selector. --><\/div><div id='gform_preview_1_17' class='ginput_preview_list'><\/div><\/li><li id=\"field_1_18\" class=\"gfield gfield--type-post_custom_field gfield--input-type-fileupload field_sublabel_below gfield--no-description field_description_below field_validation_below gfield_visibility_visible\"  data-js-reload=\"field_1_18\" ><label class='gfield_label gform-field-label' for='gform_browse_button_1_18'>Dokumenty<\/label><div class='ginput_container ginput_container_fileupload'><div id='gform_multifile_upload_1_18' data-settings='{&quot;runtimes&quot;:&quot;html5,flash,html4&quot;,&quot;browse_button&quot;:&quot;gform_browse_button_1_18&quot;,&quot;container&quot;:&quot;gform_multifile_upload_1_18&quot;,&quot;drop_element&quot;:&quot;gform_drag_drop_area_1_18&quot;,&quot;filelist&quot;:&quot;gform_preview_1_18&quot;,&quot;unique_names&quot;:true,&quot;file_data_name&quot;:&quot;file&quot;,&quot;url&quot;:&quot;https:\\\/\\\/www.nihonshokokai.cz\\\/cs?gf_page=ddf9b6675204d50&quot;,&quot;flash_swf_url&quot;:&quot;https:\\\/\\\/www.nihonshokokai.cz\\\/wp-includes\\\/js\\\/plupload\\\/plupload.flash.swf&quot;,&quot;silverlight_xap_url&quot;:&quot;https:\\\/\\\/www.nihonshokokai.cz\\\/wp-includes\\\/js\\\/plupload\\\/plupload.silverlight.xap&quot;,&quot;filters&quot;:{&quot;mime_types&quot;:[{&quot;title&quot;:&quot;Allowed Files&quot;,&quot;extensions&quot;:&quot;doc,docx,xls,xlsx,odt,ods,pdf&quot;}],&quot;max_file_size&quot;:&quot;1048576b&quot;},&quot;multipart&quot;:true,&quot;urlstream_upload&quot;:false,&quot;multipart_params&quot;:{&quot;form_id&quot;:1,&quot;field_id&quot;:18},&quot;gf_vars&quot;:{&quot;max_files&quot;:&quot;5&quot;,&quot;message_id&quot;:&quot;gform_multifile_messages_1_18&quot;,&quot;disallowed_extensions&quot;:[&quot;php&quot;,&quot;asp&quot;,&quot;aspx&quot;,&quot;cmd&quot;,&quot;csh&quot;,&quot;bat&quot;,&quot;html&quot;,&quot;htm&quot;,&quot;hta&quot;,&quot;jar&quot;,&quot;exe&quot;,&quot;com&quot;,&quot;js&quot;,&quot;lnk&quot;,&quot;htaccess&quot;,&quot;phtml&quot;,&quot;ps1&quot;,&quot;ps2&quot;,&quot;php3&quot;,&quot;php4&quot;,&quot;php5&quot;,&quot;php6&quot;,&quot;py&quot;,&quot;rb&quot;,&quot;tmp&quot;]}}' class='gform_fileupload_multifile'>\n\t\t\t\t\t\t\t\t\t\t<div id='gform_drag_drop_area_1_18' class='gform_drop_area gform-theme-field-control'>\n\t\t\t\t\t\t\t\t\t\t\t<span class='gform_drop_instructions'>Drop files here or <\/span>\n\t\t\t\t\t\t\t\t\t\t\t<button type='button' id='gform_browse_button_1_18' class='button gform_button_select_files gform-theme-button gform-theme-button--control' aria-describedby=\"gfield_upload_rules_1_18\" tabindex='24' >Select files<\/button>\n\t\t\t\t\t\t\t\t\t\t<\/div>\n\t\t\t\t\t\t\t\t\t<\/div><span class='gfield_description gform_fileupload_rules' id='gfield_upload_rules_1_18'>Accepted file types: doc, docx, xls, xlsx, odt, ods, pdf, Max. file size: 1 MB, Max. files: 5.<\/span><ul class='validation_message--hidden-on-empty gform-ul-reset' id='gform_multifile_messages_1_18'><\/ul> <!-- Leave <ul> empty to support CSS :empty selector. --><\/div><div id='gform_preview_1_18' class='ginput_preview_list'><\/div><\/li><\/ul><\/div>\n        <div class='gform_footer top_label'> <input type='submit' id='gform_submit_button_1' class='gform_button button' value='Odeslat' tabindex='25' onclick='if(window[\"gf_submitting_1\"]){return false;}  if( !jQuery(\"#gform_1\")[0].checkValidity || jQuery(\"#gform_1\")[0].checkValidity()){window[\"gf_submitting_1\"]=true;}  ' onkeypress='if( event.keyCode == 13 ){ if(window[\"gf_submitting_1\"]){return false;} if( !jQuery(\"#gform_1\")[0].checkValidity || jQuery(\"#gform_1\")[0].checkValidity()){window[\"gf_submitting_1\"]=true;}  jQuery(\"#gform_1\").trigger(\"submit\",[true]); }' \/> <input type='hidden' name='gform_ajax' value='form_id=1&amp;title=&amp;description=&amp;tabindex=10&amp;theme=legacy' \/>\n            <input type='hidden' class='gform_hidden' name='is_submit_1' value='1' \/>\n            <input type='hidden' class='gform_hidden' name='gform_submit' value='1' \/>\n            \n            <input type='hidden' class='gform_hidden' name='gform_unique_id' value='' \/>\n            <input type='hidden' class='gform_hidden' name='state_1' value='WyJbXSIsImVkNGRkZTY4YmIwMjM5MWNiMDQxZDc5YjFlNWNmYWZhIl0=' \/>\n            <input type='hidden' class='gform_hidden' name='gform_target_page_number_1' id='gform_target_page_number_1' value='0' \/>\n            <input type='hidden' class='gform_hidden' name='gform_source_page_number_1' id='gform_source_page_number_1' value='1' \/>\n            <input type='hidden' name='gform_field_values' value='' \/>\n            <input type='hidden' name='gform_uploaded_files' id='gform_uploaded_files_1' value='' \/>\n        <\/div>\n                        <p style=\"display: none !important;\" class=\"akismet-fields-container\" data-prefix=\"ak_\"><label>&#916;<textarea name=\"ak_hp_textarea\" cols=\"45\" rows=\"8\" maxlength=\"100\"><\/textarea><\/label><input type=\"hidden\" id=\"ak_js_1\" name=\"ak_js\" value=\"208\"\/><script>document.getElementById( \"ak_js_1\" ).setAttribute( \"value\", ( new Date() ).getTime() );<\/script><\/p><\/form>\n                        <\/div>\n\t\t                <iframe style='display:none;width:0px;height:0px;' src='about:blank' name='gform_ajax_frame_1' id='gform_ajax_frame_1' title='This iframe contains the logic required to handle Ajax powered Gravity Forms.'><\/iframe>\n\t\t                <script type=\"text\/javascript\">\n\/* <![CDATA[ *\/\n gform.initializeOnLoaded( function() {gformInitSpinner( 1, 'https:\/\/www.nihonshokokai.cz\/wp-content\/plugins\/gravityforms\/images\/spinner.svg', true );jQuery('#gform_ajax_frame_1').on('load',function(){var contents = jQuery(this).contents().find('*').html();var is_postback = contents.indexOf('GF_AJAX_POSTBACK') >= 0;if(!is_postback){return;}var form_content = jQuery(this).contents().find('#gform_wrapper_1');var is_confirmation = jQuery(this).contents().find('#gform_confirmation_wrapper_1').length > 0;var is_redirect = contents.indexOf('gformRedirect(){') >= 0;var is_form = form_content.length > 0 && ! is_redirect && ! is_confirmation;var mt = parseInt(jQuery('html').css('margin-top'), 10) + parseInt(jQuery('body').css('margin-top'), 10) + 100;if(is_form){form_content.find('form').css('opacity', 0);jQuery('#gform_wrapper_1').html(form_content.html());if(form_content.hasClass('gform_validation_error')){jQuery('#gform_wrapper_1').addClass('gform_validation_error');} else {jQuery('#gform_wrapper_1').removeClass('gform_validation_error');}setTimeout( function() { \/* delay the scroll by 50 milliseconds to fix a bug in chrome *\/ jQuery(document).scrollTop(jQuery('#gform_wrapper_1').offset().top - mt); }, 50 );if(window['gformInitDatepicker']) {gformInitDatepicker();}if(window['gformInitPriceFields']) {gformInitPriceFields();}var current_page = jQuery('#gform_source_page_number_1').val();gformInitSpinner( 1, 'https:\/\/www.nihonshokokai.cz\/wp-content\/plugins\/gravityforms\/images\/spinner.svg', true );jQuery(document).trigger('gform_page_loaded', [1, current_page]);window['gf_submitting_1'] = false;}else if(!is_redirect){var confirmation_content = jQuery(this).contents().find('.GF_AJAX_POSTBACK').html();if(!confirmation_content){confirmation_content = contents;}jQuery('#gform_wrapper_1').replaceWith(confirmation_content);jQuery(document).scrollTop(jQuery('#gf_1').offset().top - mt);jQuery(document).trigger('gform_confirmation_loaded', [1]);window['gf_submitting_1'] = false;wp.a11y.speak(jQuery('#gform_confirmation_message_1').text());}else{jQuery('#gform_1').append(contents);if(window['gformRedirect']) {gformRedirect();}}jQuery(document).trigger(\"gform_pre_post_render\", [{ formId: \"1\", currentPage: \"current_page\", abort: function() { this.preventDefault(); } }]);                if (event && event.defaultPrevented) {                return;         }        const gformWrapperDiv = document.getElementById( \"gform_wrapper_1\" );        if ( gformWrapperDiv ) {            const visibilitySpan = document.createElement( \"span\" );            visibilitySpan.id = \"gform_visibility_test_1\";            gformWrapperDiv.insertAdjacentElement( \"afterend\", visibilitySpan );        }        const visibilityTestDiv = document.getElementById( \"gform_visibility_test_1\" );        let postRenderFired = false;                function triggerPostRender() {            if ( postRenderFired ) {                return;            }            postRenderFired = true;            jQuery( document ).trigger( 'gform_post_render', [1, current_page] );            gform.utils.trigger( { event: 'gform\/postRender', native: false, data: { formId: 1, currentPage: current_page } } );            if ( visibilityTestDiv ) {                visibilityTestDiv.parentNode.removeChild( visibilityTestDiv );            }        }        function debounce( func, wait, immediate ) {            var timeout;            return function() {                var context = this, args = arguments;                var later = function() {                    timeout = null;                    if ( !immediate ) func.apply( context, args );                };                var callNow = immediate && !timeout;                clearTimeout( timeout );                timeout = setTimeout( later, wait );                if ( callNow ) func.apply( context, args );            };        }        const debouncedTriggerPostRender = debounce( function() {            triggerPostRender();        }, 200 );        if ( visibilityTestDiv && visibilityTestDiv.offsetParent === null ) {            const observer = new MutationObserver( ( mutations ) => {                mutations.forEach( ( mutation ) => {                    if ( mutation.type === 'attributes' && visibilityTestDiv.offsetParent !== null ) {                        debouncedTriggerPostRender();                        observer.disconnect();                    }                });            });            observer.observe( document.body, {                attributes: true,                childList: false,                subtree: true,                attributeFilter: [ 'style', 'class' ],            });        } else {            triggerPostRender();        }    } );} ); \n\/* ]]> *\/\n<\/script>\n\n","protected":false},"excerpt":{"rendered":"","protected":false},"author":1,"featured_media":0,"parent":19,"menu_order":141,"comment_status":"closed","ping_status":"closed","template":"template-members-area.php","meta":{"_acf_changed":false,"footnotes":""},"class_list":["post-29","page","type-page","status-publish","hentry"],"acf":[],"_links":{"self":[{"href":"https:\/\/www.nihonshokokai.cz\/cs\/wp-json\/wp\/v2\/pages\/29","targetHints":{"allow":["GET"]}}],"collection":[{"href":"https:\/\/www.nihonshokokai.cz\/cs\/wp-json\/wp\/v2\/pages"}],"about":[{"href":"https:\/\/www.nihonshokokai.cz\/cs\/wp-json\/wp\/v2\/types\/page"}],"author":[{"embeddable":true,"href":"https:\/\/www.nihonshokokai.cz\/cs\/wp-json\/wp\/v2\/users\/1"}],"replies":[{"embeddable":true,"href":"https:\/\/www.nihonshokokai.cz\/cs\/wp-json\/wp\/v2\/comments?post=29"}],"version-history":[{"count":2,"href":"https:\/\/www.nihonshokokai.cz\/cs\/wp-json\/wp\/v2\/pages\/29\/revisions"}],"predecessor-version":[{"id":1148,"href":"https:\/\/www.nihonshokokai.cz\/cs\/wp-json\/wp\/v2\/pages\/29\/revisions\/1148"}],"up":[{"embeddable":true,"href":"https:\/\/www.nihonshokokai.cz\/cs\/wp-json\/wp\/v2\/pages\/19"}],"wp:attachment":[{"href":"https:\/\/www.nihonshokokai.cz\/cs\/wp-json\/wp\/v2\/media?parent=29"}],"curies":[{"name":"wp","href":"https:\/\/api.w.org\/{rel}","templated":true}]}}