{"id":3758,"date":"2017-01-10T14:00:31","date_gmt":"2017-01-10T13:00:31","guid":{"rendered":"https:\/\/www.nihonshokokai.cz\/cs\/?page_id=3758"},"modified":"2017-01-10T14:00:31","modified_gmt":"2017-01-10T13:00:31","slug":"informace-z-japonske-komory","status":"publish","type":"page","link":"https:\/\/www.nihonshokokai.cz\/cs\/clenove\/informace-z-japonske-komory","title":{"rendered":"Informace z Japonsk\u00e9 komory"},"content":{"rendered":"<p>Tuto str\u00e1nku p\u0159ipravujeme.<\/p>\n<div style=\"height: 10px;\"><\/div>\n","protected":false},"excerpt":{"rendered":"<p>Tuto str\u00e1nku p\u0159ipravujeme.<\/p>\n","protected":false},"author":141,"featured_media":0,"parent":19,"menu_order":115,"comment_status":"closed","ping_status":"closed","template":"template-members-area.php","meta":{"_acf_changed":false,"footnotes":""},"class_list":["post-3758","page","type-page","status-publish","hentry"],"acf":[],"_links":{"self":[{"href":"https:\/\/www.nihonshokokai.cz\/cs\/wp-json\/wp\/v2\/pages\/3758","targetHints":{"allow":["GET"]}}],"collection":[{"href":"https:\/\/www.nihonshokokai.cz\/cs\/wp-json\/wp\/v2\/pages"}],"about":[{"href":"https:\/\/www.nihonshokokai.cz\/cs\/wp-json\/wp\/v2\/types\/page"}],"author":[{"embeddable":true,"href":"https:\/\/www.nihonshokokai.cz\/cs\/wp-json\/wp\/v2\/users\/141"}],"replies":[{"embeddable":true,"href":"https:\/\/www.nihonshokokai.cz\/cs\/wp-json\/wp\/v2\/comments?post=3758"}],"version-history":[{"count":1,"href":"https:\/\/www.nihonshokokai.cz\/cs\/wp-json\/wp\/v2\/pages\/3758\/revisions"}],"predecessor-version":[{"id":3759,"href":"https:\/\/www.nihonshokokai.cz\/cs\/wp-json\/wp\/v2\/pages\/3758\/revisions\/3759"}],"up":[{"embeddable":true,"href":"https:\/\/www.nihonshokokai.cz\/cs\/wp-json\/wp\/v2\/pages\/19"}],"wp:attachment":[{"href":"https:\/\/www.nihonshokokai.cz\/cs\/wp-json\/wp\/v2\/media?parent=3758"}],"curies":[{"name":"wp","href":"https:\/\/api.w.org\/{rel}","templated":true}]}}