{"id":4586,"date":"2017-03-22T15:33:36","date_gmt":"2017-03-22T14:33:36","guid":{"rendered":"https:\/\/www.nihonshokokai.cz\/cs\/?page_id=4586"},"modified":"2017-04-04T15:21:38","modified_gmt":"2017-04-04T13:21:38","slug":"formular-uchazece-zamestnani-internship","status":"publish","type":"page","link":"https:\/\/www.nihonshokokai.cz\/cs\/formular-uchazece-zamestnani-internship","title":{"rendered":"Formul\u00e1\u0159 pro uchaze\u010de o zam\u011bstn\u00e1n\u00ed a internship"},"content":{"rendered":"<p>* jsou povinn\u00fd<\/p>\n<script type=\"text\/javascript\">var gform;gform||(document.addEventListener(\"gform_main_scripts_loaded\",function(){gform.scriptsLoaded=!0}),window.addEventListener(\"DOMContentLoaded\",function(){gform.domLoaded=!0}),gform={domLoaded:!1,scriptsLoaded:!1,initializeOnLoaded:function(o){gform.domLoaded&&gform.scriptsLoaded?o():!gform.domLoaded&&gform.scriptsLoaded?window.addEventListener(\"DOMContentLoaded\",o):document.addEventListener(\"gform_main_scripts_loaded\",o)},hooks:{action:{},filter:{}},addAction:function(o,n,r,t){gform.addHook(\"action\",o,n,r,t)},addFilter:function(o,n,r,t){gform.addHook(\"filter\",o,n,r,t)},doAction:function(o){gform.doHook(\"action\",o,arguments)},applyFilters:function(o){return gform.doHook(\"filter\",o,arguments)},removeAction:function(o,n){gform.removeHook(\"action\",o,n)},removeFilter:function(o,n,r){gform.removeHook(\"filter\",o,n,r)},addHook:function(o,n,r,t,i){null==gform.hooks[o][n]&&(gform.hooks[o][n]=[]);var e=gform.hooks[o][n];null==i&&(i=n+\"_\"+e.length),gform.hooks[o][n].push({tag:i,callable:r,priority:t=null==t?10:t})},doHook:function(n,o,r){var t;if(r=Array.prototype.slice.call(r,1),null!=gform.hooks[n][o]&&((o=gform.hooks[n][o]).sort(function(o,n){return o.priority-n.priority}),o.forEach(function(o){\"function\"!=typeof(t=o.callable)&&(t=window[t]),\"action\"==n?t.apply(null,r):r[0]=t.apply(null,r)})),\"filter\"==n)return r[0]},removeHook:function(o,n,t,i){var r;null!=gform.hooks[o][n]&&(r=(r=gform.hooks[o][n]).filter(function(o,n,r){return!!(null!=i&&i!=o.tag||null!=t&&t!=o.priority)}),gform.hooks[o][n]=r)}});<\/script>\n                <div class='gf_browser_gecko gform_wrapper gform_legacy_markup_wrapper gform-theme--no-framework' data-form-theme='legacy' data-form-index='0' id='gform_wrapper_6' ><div id='gf_6' class='gform_anchor' tabindex='-1'><\/div><form method='post' enctype='multipart\/form-data' target='gform_ajax_frame_6' id='gform_6'  action='\/cs\/wp-json\/wp\/v2\/pages\/4586#gf_6' data-formid='6' novalidate>\n                        <div class='gform-body gform_body'><ul id='gform_fields_6' class='gform_fields top_label form_sublabel_below description_below validation_below'><li id=\"field_6_59\" class=\"gfield gfield--type-post_custom_field gfield--type-choice gfield--input-type-radio gfield_contains_required field_sublabel_below gfield--has-description field_description_below field_validation_below gfield_visibility_visible\"  data-js-reload=\"field_6_59\" ><label class='gfield_label gform-field-label' >\u30ab\u30c6\u30b4\u30ea\u30fc \/ Kategorie \/ Category<span class=\"gfield_required\"><span class=\"gfield_required gfield_required_asterisk\">*<\/span><\/span><\/label><div class='ginput_container ginput_container_radio'><ul class='gfield_radio' id='input_6_59'>\n\t\t\t<li class='gchoice gchoice_6_59_0'>\n\t\t\t\t<input name='input_59' type='radio' value='\u6c42\u8077\u8005 \/ Uchaze\u010d o zam\u011bstn\u00e1n\u00ed \/ Job seeker'  id='choice_6_59_0'    \/>\n\t\t\t\t<label for='choice_6_59_0' id='label_6_59_0' class='gform-field-label gform-field-label--type-inline'>\u6c42\u8077\u8005 \/ Uchaze\u010d o zam\u011bstn\u00e1n\u00ed \/ Job seeker<\/label>\n\t\t\t<\/li>\n\t\t\t<li class='gchoice gchoice_6_59_1'>\n\t\t\t\t<input name='input_59' type='radio' value='\u6c42\u8077\uff08\u65e5\u672c\u4eba\u3067\u30c1\u30a7\u30b3\u3067\u306e\u5c31\u696d\u7d4c\u9a13\u8005\uff09 \/ Uchaze\u010d o zam\u011bstn\u00e1n\u00ed, kter\u00fd je japonsk\u00e9 n\u00e1rodnosti a m\u00e1 p\u0159edchoz\u00ed zku\u0161enosti s prac\u00ed v \u010cR \/ Job seeker of Japanese nationality with previous experience with working in the Czech Republic'  id='choice_6_59_1'    \/>\n\t\t\t\t<label for='choice_6_59_1' id='label_6_59_1' class='gform-field-label gform-field-label--type-inline'>\u6c42\u8077\uff08\u65e5\u672c\u4eba\u3067\u30c1\u30a7\u30b3\u3067\u306e\u5c31\u696d\u7d4c\u9a13\u8005\uff09 \/ Uchaze\u010d o zam\u011bstn\u00e1n\u00ed, kter\u00fd je japonsk\u00e9 n\u00e1rodnosti a m\u00e1 p\u0159edchoz\u00ed zku\u0161enosti s prac\u00ed v \u010cR \/ Job seeker of Japanese nationality with previous experience with working in the Czech Republic<\/label>\n\t\t\t<\/li>\n\t\t\t<li class='gchoice gchoice_6_59_2'>\n\t\t\t\t<input name='input_59' type='radio' value='\u30a4\u30f3\u30bf\u30fc\u30f3\u30b7\u30c3\u30d7 \/ uchaze\u010d internship \/ Internship seeker'  id='choice_6_59_2'    \/>\n\t\t\t\t<label for='choice_6_59_2' id='label_6_59_2' class='gform-field-label gform-field-label--type-inline'>\u30a4\u30f3\u30bf\u30fc\u30f3\u30b7\u30c3\u30d7 \/ uchaze\u010d internship \/ Internship seeker<\/label>\n\t\t\t<\/li><\/ul><\/div><div class='gfield_description' id='gfield_description_6_59'>\uff08\u4e00\u3064\u3060\u3051\u9078\u3093\u3067\u304f\u3060\u3055\u3044 \/ Vyberte si jednu z mo\u017enost\u00ed \/ Please select one of the options\uff09<\/div><\/li><li id=\"field_6_58\" class=\"gfield gfield--type-post_custom_field gfield--input-type-text half gfield_contains_required field_sublabel_below gfield--no-description field_description_below field_validation_below gfield_visibility_visible\"  data-js-reload=\"field_6_58\" ><label class='gfield_label gform-field-label' for='input_6_58'>\u6c0f\u540d \/ Jm\u00e9no a p\u0159\u00edjmen\u00ed \/ Name<span class=\"gfield_required\"><span class=\"gfield_required gfield_required_asterisk\">*<\/span><\/span><\/label><div class='ginput_container ginput_container_text'><input name='input_58' id='input_6_58' type='text' value='' class='medium'     aria-required=\"true\" aria-invalid=\"false\"   \/> <\/div><\/li><li id=\"field_6_60\" class=\"gfield gfield--type-post_custom_field gfield--input-type-text half gfield_contains_required field_sublabel_below gfield--no-description field_description_below field_validation_below gfield_visibility_visible\"  data-js-reload=\"field_6_60\" ><label class='gfield_label gform-field-label' for='input_6_60'>\u96fb\u8a71\u756a\u53f7 \/ Telefon \/ Phone<span class=\"gfield_required\"><span class=\"gfield_required gfield_required_asterisk\">*<\/span><\/span><\/label><div class='ginput_container ginput_container_text'><input name='input_60' id='input_6_60' type='text' value='' class='medium'     aria-required=\"true\" aria-invalid=\"false\"   \/> <\/div><\/li><li id=\"field_6_13\" class=\"gfield gfield--type-post_custom_field gfield--input-type-email half gfield_contains_required field_sublabel_below gfield--no-description field_description_below field_validation_below gfield_visibility_visible\"  data-js-reload=\"field_6_13\" ><label class='gfield_label gform-field-label' for='input_6_13'>E-mail<span class=\"gfield_required\"><span class=\"gfield_required gfield_required_asterisk\">*<\/span><\/span><\/label><div class='ginput_container ginput_container_email'>\n                            <input name='input_13' id='input_6_13' type='email' value='' class='medium'    aria-required=\"true\" aria-invalid=\"false\"  \/>\n                        <\/div><\/li><li id=\"field_6_61\" class=\"gfield gfield--type-post_custom_field gfield--input-type-text field_sublabel_below gfield--no-description field_description_below field_validation_below gfield_visibility_visible\"  data-js-reload=\"field_6_61\" ><label class='gfield_label gform-field-label' for='input_6_61'>\u4f4f\u6240 \/ Adresa \/ Address<\/label><div class='ginput_container ginput_container_text'><input name='input_61' id='input_6_61' type='text' value='' class='medium'      aria-invalid=\"false\"   \/> <\/div><\/li><li id=\"field_6_62\" class=\"gfield gfield--type-post_custom_field gfield--input-type-text gfield_contains_required field_sublabel_below gfield--has-description field_description_below field_validation_below gfield_visibility_visible\"  data-js-reload=\"field_6_62\" ><label class='gfield_label gform-field-label' for='input_6_62'>\u6240\u5c5e \/ Organizace, kam nyn\u00ed pat\u0159\u00edte \/ Organization that you belong to<span class=\"gfield_required\"><span class=\"gfield_required gfield_required_asterisk\">*<\/span><\/span><\/label><div class='ginput_container ginput_container_text'><input name='input_62' id='input_6_62' type='text' value='' class='medium'  aria-describedby=\"gfield_description_6_62\"   aria-required=\"true\" aria-invalid=\"false\"   \/> <\/div><div class='gfield_description' id='gfield_description_6_62'>\u5b66\u6821\uff08\u304a\u3088\u3073\u5b66\u5e74\uff09\u3001\u4f1a\u793e\u7b49 \/ \u0160kola (i ro\u010dn\u00edk), firma, atd. \/ School (also school year), company, etc.<\/div><\/li><li id=\"field_6_63\" class=\"gfield gfield--type-post_custom_field gfield--input-type-text gfield_contains_required field_sublabel_below gfield--has-description field_description_below field_validation_below gfield_visibility_visible\"  data-js-reload=\"field_6_63\" ><label class='gfield_label gform-field-label' for='input_6_63'>\u30c1\u30a7\u30b3\u6ede\u5728\u30d3\u30b6\u306e\u7a2e\u985e\u304a\u3088\u3073\u305d\u306e\u671f\u9593 \/ Druh povolen\u00ed k pobytu v \u010cR a jeho platnost \/ Type of Czech visa and validity<span class=\"gfield_required\"><span class=\"gfield_required gfield_required_asterisk\">*<\/span><\/span><\/label><div class='ginput_container ginput_container_text'><input name='input_63' id='input_6_63' type='text' value='' class='medium'  aria-describedby=\"gfield_description_6_63\"   aria-required=\"true\" aria-invalid=\"false\"   \/> <\/div><div class='gfield_description' id='gfield_description_6_63'>\u30c1\u30a7\u30b3\u6ede\u5728\u30d3\u30b6\u3092\u304a\u6301\u3061\u3067\u306a\u3044\u5834\u5408\u306f\u304a\u7533\u8fbc\u307f\u9802\u3051\u307e\u305b\u3093\u3002EU\u56fd\u7c4d\u3092\u304a\u6301\u3061\u306e\u5834\u5408\u306f\u56fd\u7c4d\u3092\u8a18\u5165\u304f\u3060\u3055\u3044\u3002 \/ Pokud nem\u00e1te povolen\u00ed k pobytu v \u010cR, nem\u016f\u017eete se o tuto pracovn\u00ed pozici uch\u00e1zet. Pokud m\u00e1te ob\u010danstv\u00ed EU, napi\u0161te va\u0161e st\u00e1tn\u00ed ob\u010danstv\u00ed \/ If you do not have a residence permit for the Czech Republic, you cannot apply the registration. If you have an EU citizenship, please enter your citizenship.<\/div><\/li><li id=\"field_6_64\" class=\"gfield gfield--type-post_custom_field gfield--input-type-textarea gfield_contains_required field_sublabel_below gfield--no-description field_description_below field_validation_below gfield_visibility_visible\"  data-js-reload=\"field_6_64\" ><label class='gfield_label gform-field-label' for='input_6_64'>\u7565\u6b74 \/ Stru\u010dn\u00fd \u017eivotopis \/ Brief CV<span class=\"gfield_required\"><span class=\"gfield_required gfield_required_asterisk\">*<\/span><\/span><\/label><div class='ginput_container ginput_container_textarea'><textarea name='input_64' id='input_6_64' class='textarea medium'     aria-required=\"true\" aria-invalid=\"false\"   rows='10' cols='50'><\/textarea><\/div><\/li><li id=\"field_6_65\" class=\"gfield gfield--type-post_custom_field gfield--input-type-text gfield_contains_required field_sublabel_below gfield--no-description field_description_below field_validation_below gfield_visibility_visible\"  data-js-reload=\"field_6_65\" ><label class='gfield_label gform-field-label' for='input_6_65'>\u5e0c\u671b\u671f\u9593 \/ Po\u017eadovan\u00fd term\u00edn p\u016fsoben\u00ed \/ Requested date<span class=\"gfield_required\"><span class=\"gfield_required gfield_required_asterisk\">*<\/span><\/span><\/label><div class='ginput_container ginput_container_text'><input name='input_65' id='input_6_65' type='text' value='' class='medium'     aria-required=\"true\" aria-invalid=\"false\"   \/> <\/div><\/li><li id=\"field_6_66\" class=\"gfield gfield--type-post_custom_field gfield--input-type-text gfield_contains_required field_sublabel_below gfield--no-description field_description_below field_validation_below gfield_visibility_visible\"  data-js-reload=\"field_6_66\" ><label class='gfield_label gform-field-label' for='input_6_66'>\u5e0c\u671b\u8077\u7a2e \/ Po\u017eadovan\u00fd druh pr\u00e1ce \/ Requested work type<span class=\"gfield_required\"><span class=\"gfield_required gfield_required_asterisk\">*<\/span><\/span><\/label><div class='ginput_container ginput_container_text'><input name='input_66' id='input_6_66' type='text' value='' class='medium'     aria-required=\"true\" aria-invalid=\"false\"   \/> <\/div><\/li><li id=\"field_6_67\" class=\"gfield gfield--type-post_custom_field gfield--input-type-text field_sublabel_below gfield--no-description field_description_below field_validation_below gfield_visibility_visible\"  data-js-reload=\"field_6_67\" ><label class='gfield_label gform-field-label' for='input_6_67'>\u5e0c\u671b\u5f79\u8077 \/ Po\u017eadovan\u00e1 pozice \/ Requested position<\/label><div class='ginput_container ginput_container_text'><input name='input_67' id='input_6_67' type='text' value='' class='medium'      aria-invalid=\"false\"   \/> <\/div><\/li><li id=\"field_6_68\" class=\"gfield gfield--type-post_custom_field gfield--input-type-text gfield_contains_required field_sublabel_below gfield--no-description field_description_below field_validation_below gfield_visibility_visible\"  data-js-reload=\"field_6_68\" ><label class='gfield_label gform-field-label' for='input_6_68'>\u5e0c\u671b\u52e4\u52d9\u5730 \/ Po\u017eadovan\u00e9 m\u00edsto p\u016fsoben\u00ed \/ Requested location<span class=\"gfield_required\"><span class=\"gfield_required gfield_required_asterisk\">*<\/span><\/span><\/label><div class='ginput_container ginput_container_text'><input name='input_68' id='input_6_68' type='text' value='' class='medium'     aria-required=\"true\" aria-invalid=\"false\"   \/> <\/div><\/li><li id=\"field_6_69\" class=\"gfield gfield--type-post_custom_field gfield--input-type-textarea gfield_contains_required field_sublabel_below gfield--no-description field_description_below field_validation_below gfield_visibility_visible\"  data-js-reload=\"field_6_69\" ><label class='gfield_label gform-field-label' for='input_6_69'>\u81ea\u5df1PR \/ N\u011bco o sob\u011b \/ Information about you<span class=\"gfield_required\"><span class=\"gfield_required gfield_required_asterisk\">*<\/span><\/span><\/label><div class='ginput_container ginput_container_textarea'><textarea name='input_69' id='input_6_69' class='textarea medium'     aria-required=\"true\" aria-invalid=\"false\"   rows='10' cols='50'><\/textarea><\/div><\/li><li id=\"field_6_70\" class=\"gfield gfield--type-post_custom_field gfield--type-choice gfield--input-type-checkbox gfield_contains_required field_sublabel_below gfield--no-description field_description_below field_validation_below gfield_visibility_visible\"  data-js-reload=\"field_6_70\" ><label class='gfield_label gform-field-label gfield_label_before_complex' >\u4e86\u89e3\u3057\u307e\u3057\u305f\u3000\/\u3000Souhlas\u00edm \/ I agree<span class=\"gfield_required\"><span class=\"gfield_required gfield_required_asterisk\">*<\/span><\/span><\/label><div class='ginput_container ginput_container_checkbox'><ul class='gfield_checkbox' id='input_6_70'><li class='gchoice gchoice_6_70_1'>\n\t\t\t\t\t\t\t\t<input class='gfield-choice-input' name='input_70.1' type='checkbox'  value='\u3053\u3053\u3067\u8a18\u5165\u3055\u308c\u305f\u60c5\u5831\u306f\u30c1\u30a7\u30b3\u65e5\u672c\u5546\u5de5\u4f1a\u30db\u30fc\u30e0\u30da\u30fc\u30b8\u4e0a\u3067\u4f1a\u54e1\u4f01\u696d\u5411\u3051\u306b\u516c\u958b\u3055\u308c\u307e\u3059\u3002\u3000\/\u3000 \u00dadaje, kter\u00e9 jste zde vyplnil\/a, budou zve\u0159ejn\u011bny na webov\u00fdch str\u00e1nk\u00e1ch Japonsk\u00e9 komory pr\u016fmyslu a obchodu v \u010cR a budou p\u0159\u00edstupn\u00e9 pouze pro \u010dlensk\u00e9 firmy Japonsk\u00e9 komory pr\u016fmyslu a obchodu v \u010cR. \/ The data that you have provided will be published at the website of the Japanese Chamber of Commerce and Industry in the Czech Republic and it will be accessible only for member companies of the Japanese Chamber of Commerce and Industry in the Czech Republic.'  id='choice_6_70_1'   \/>\n\t\t\t\t\t\t\t\t<label for='choice_6_70_1' id='label_6_70_1' class='gform-field-label gform-field-label--type-inline'>\u3053\u3053\u3067\u8a18\u5165\u3055\u308c\u305f\u60c5\u5831\u306f\u30c1\u30a7\u30b3\u65e5\u672c\u5546\u5de5\u4f1a\u30db\u30fc\u30e0\u30da\u30fc\u30b8\u4e0a\u3067\u4f1a\u54e1\u4f01\u696d\u5411\u3051\u306b\u516c\u958b\u3055\u308c\u307e\u3059\u3002\u3000\/\u3000 \u00dadaje, kter\u00e9 jste zde vyplnil\/a, budou zve\u0159ejn\u011bny na webov\u00fdch str\u00e1nk\u00e1ch Japonsk\u00e9 komory pr\u016fmyslu a obchodu v \u010cR a budou p\u0159\u00edstupn\u00e9 pouze pro \u010dlensk\u00e9 firmy Japonsk\u00e9 komory pr\u016fmyslu a obchodu v \u010cR. \/ The data that you have provided will be published at the website of the Japanese Chamber of Commerce and Industry in the Czech Republic and it will be accessible only for member companies of the Japanese Chamber of Commerce and Industry in the Czech Republic.<\/label>\n\t\t\t\t\t\t\t<\/li><\/ul><\/div><\/li><li id=\"field_6_57\" class=\"gfield gfield--type-captcha field_sublabel_below gfield--no-description field_description_below field_validation_below gfield_visibility_visible\"  data-js-reload=\"field_6_57\" ><label class='gfield_label gform-field-label' for='input_6_57'>Captcha<\/label><div id='input_6_57' class='ginput_container ginput_recaptcha' data-sitekey='6LcP_RkUAAAAAKaVb78T88Ox5BuOYL_ixL84AbP3'  data-theme='light' data-tabindex='0'  data-badge=''><\/div><\/li><\/ul><\/div>\n        <div class='gform_footer top_label'> <input type='submit' id='gform_submit_button_6' class='gform_button button' value='Odeslat'  onclick='if(window[\"gf_submitting_6\"]){return false;}  if( !jQuery(\"#gform_6\")[0].checkValidity || jQuery(\"#gform_6\")[0].checkValidity()){window[\"gf_submitting_6\"]=true;}  ' onkeypress='if( event.keyCode == 13 ){ if(window[\"gf_submitting_6\"]){return false;} if( !jQuery(\"#gform_6\")[0].checkValidity || jQuery(\"#gform_6\")[0].checkValidity()){window[\"gf_submitting_6\"]=true;}  jQuery(\"#gform_6\").trigger(\"submit\",[true]); }' \/> <input type='hidden' name='gform_ajax' value='form_id=6&amp;title=&amp;description=&amp;tabindex=0&amp;theme=legacy' \/>\n            <input type='hidden' class='gform_hidden' name='is_submit_6' value='1' \/>\n            <input type='hidden' class='gform_hidden' name='gform_submit' value='6' \/>\n            \n            <input type='hidden' class='gform_hidden' name='gform_unique_id' value='' \/>\n            <input type='hidden' class='gform_hidden' name='state_6' value='WyJbXSIsImVkNGRkZTY4YmIwMjM5MWNiMDQxZDc5YjFlNWNmYWZhIl0=' \/>\n            <input type='hidden' class='gform_hidden' name='gform_target_page_number_6' id='gform_target_page_number_6' value='0' \/>\n            <input type='hidden' class='gform_hidden' name='gform_source_page_number_6' id='gform_source_page_number_6' value='1' \/>\n            <input type='hidden' name='gform_field_values' value='' \/>\n            \n        <\/div>\n                        <p style=\"display: none !important;\" class=\"akismet-fields-container\" data-prefix=\"ak_\"><label>&#916;<textarea name=\"ak_hp_textarea\" cols=\"45\" rows=\"8\" maxlength=\"100\"><\/textarea><\/label><input type=\"hidden\" id=\"ak_js_1\" name=\"ak_js\" value=\"187\"\/><script type=\"text\/javascript\">\n\/* <![CDATA[ *\/\ndocument.getElementById( \"ak_js_1\" ).setAttribute( \"value\", ( new Date() ).getTime() );\n\/* ]]> *\/\n<\/script>\n<\/p><\/form>\n                        <\/div>\n\t\t                <iframe style='display:none;width:0px;height:0px;' src='about:blank' name='gform_ajax_frame_6' id='gform_ajax_frame_6' title='This iframe contains the logic required to handle Ajax powered Gravity Forms.'><\/iframe>\n\t\t                <script type=\"text\/javascript\">\n\/* <![CDATA[ *\/\n gform.initializeOnLoaded( function() {gformInitSpinner( 6, 'https:\/\/www.nihonshokokai.cz\/wp-content\/plugins\/gravityforms\/images\/spinner.svg', true );jQuery('#gform_ajax_frame_6').on('load',function(){var contents = jQuery(this).contents().find('*').html();var is_postback = contents.indexOf('GF_AJAX_POSTBACK') >= 0;if(!is_postback){return;}var form_content = jQuery(this).contents().find('#gform_wrapper_6');var is_confirmation = jQuery(this).contents().find('#gform_confirmation_wrapper_6').length > 0;var is_redirect = contents.indexOf('gformRedirect(){') >= 0;var is_form = form_content.length > 0 && ! is_redirect && ! is_confirmation;var mt = parseInt(jQuery('html').css('margin-top'), 10) + parseInt(jQuery('body').css('margin-top'), 10) + 100;if(is_form){jQuery('#gform_wrapper_6').html(form_content.html());if(form_content.hasClass('gform_validation_error')){jQuery('#gform_wrapper_6').addClass('gform_validation_error');} else {jQuery('#gform_wrapper_6').removeClass('gform_validation_error');}setTimeout( function() { \/* delay the scroll by 50 milliseconds to fix a bug in chrome *\/ jQuery(document).scrollTop(jQuery('#gform_wrapper_6').offset().top - mt); }, 50 );if(window['gformInitDatepicker']) {gformInitDatepicker();}if(window['gformInitPriceFields']) {gformInitPriceFields();}var current_page = jQuery('#gform_source_page_number_6').val();gformInitSpinner( 6, 'https:\/\/www.nihonshokokai.cz\/wp-content\/plugins\/gravityforms\/images\/spinner.svg', true );jQuery(document).trigger('gform_page_loaded', [6, current_page]);window['gf_submitting_6'] = false;}else if(!is_redirect){var confirmation_content = jQuery(this).contents().find('.GF_AJAX_POSTBACK').html();if(!confirmation_content){confirmation_content = contents;}jQuery('#gform_wrapper_6').replaceWith(confirmation_content);jQuery(document).scrollTop(jQuery('#gf_6').offset().top - mt);jQuery(document).trigger('gform_confirmation_loaded', [6]);window['gf_submitting_6'] = false;wp.a11y.speak(jQuery('#gform_confirmation_message_6').text());}else{jQuery('#gform_6').append(contents);if(window['gformRedirect']) {gformRedirect();}}jQuery(document).trigger(\"gform_pre_post_render\", [{ formId: \"6\", currentPage: \"current_page\", abort: function() { this.preventDefault(); } }]);                if (event && event.defaultPrevented) {                return;         }        const gformWrapperDiv = document.getElementById( \"gform_wrapper_6\" );        if ( gformWrapperDiv ) {            const visibilitySpan = document.createElement( \"span\" );            visibilitySpan.id = \"gform_visibility_test_6\";            gformWrapperDiv.insertAdjacentElement( \"afterend\", visibilitySpan );        }        const visibilityTestDiv = document.getElementById( \"gform_visibility_test_6\" );        let postRenderFired = false;                function triggerPostRender() {            if ( postRenderFired ) {                return;            }            postRenderFired = true;            jQuery( document ).trigger( 'gform_post_render', [6, current_page] );            gform.utils.trigger( { event: 'gform\/postRender', native: false, data: { formId: 6, currentPage: current_page } } );            if ( visibilityTestDiv ) {                visibilityTestDiv.parentNode.removeChild( visibilityTestDiv );            }        }        function debounce( func, wait, immediate ) {            var timeout;            return function() {                var context = this, args = arguments;                var later = function() {                    timeout = null;                    if ( !immediate ) func.apply( context, args );                };                var callNow = immediate && !timeout;                clearTimeout( timeout );                timeout = setTimeout( later, wait );                if ( callNow ) func.apply( context, args );            };        }        const debouncedTriggerPostRender = debounce( function() {            triggerPostRender();        }, 200 );        if ( visibilityTestDiv && visibilityTestDiv.offsetParent === null ) {            const observer = new MutationObserver( ( mutations ) => {                mutations.forEach( ( mutation ) => {                    if ( mutation.type === 'attributes' && visibilityTestDiv.offsetParent !== null ) {                        debouncedTriggerPostRender();                        observer.disconnect();                    }                });            });            observer.observe( document.body, {                attributes: true,                childList: false,                subtree: true,                attributeFilter: [ 'style', 'class' ],            });        } else {            triggerPostRender();        }    } );} ); \n\/* ]]> *\/\n<\/script>\n\n","protected":false},"excerpt":{"rendered":"<p>* jsou povinn\u00fd<\/p>\n","protected":false},"author":1,"featured_media":0,"parent":0,"menu_order":103,"comment_status":"closed","ping_status":"closed","template":"","meta":{"_acf_changed":false,"footnotes":""},"class_list":["post-4586","page","type-page","status-publish","hentry"],"acf":[],"_links":{"self":[{"href":"https:\/\/www.nihonshokokai.cz\/cs\/wp-json\/wp\/v2\/pages\/4586","targetHints":{"allow":["GET"]}}],"collection":[{"href":"https:\/\/www.nihonshokokai.cz\/cs\/wp-json\/wp\/v2\/pages"}],"about":[{"href":"https:\/\/www.nihonshokokai.cz\/cs\/wp-json\/wp\/v2\/types\/page"}],"author":[{"embeddable":true,"href":"https:\/\/www.nihonshokokai.cz\/cs\/wp-json\/wp\/v2\/users\/1"}],"replies":[{"embeddable":true,"href":"https:\/\/www.nihonshokokai.cz\/cs\/wp-json\/wp\/v2\/comments?post=4586"}],"version-history":[{"count":4,"href":"https:\/\/www.nihonshokokai.cz\/cs\/wp-json\/wp\/v2\/pages\/4586\/revisions"}],"predecessor-version":[{"id":4744,"href":"https:\/\/www.nihonshokokai.cz\/cs\/wp-json\/wp\/v2\/pages\/4586\/revisions\/4744"}],"wp:attachment":[{"href":"https:\/\/www.nihonshokokai.cz\/cs\/wp-json\/wp\/v2\/media?parent=4586"}],"curies":[{"name":"wp","href":"https:\/\/api.w.org\/{rel}","templated":true}]}}